{"id":733,"date":"2023-02-22T14:17:46","date_gmt":"2023-02-22T13:17:46","guid":{"rendered":"http:\/\/jeuxbretonscasson.fr\/?page_id=733"},"modified":"2024-03-09T13:07:21","modified_gmt":"2024-03-09T12:07:21","slug":"actualites","status":"publish","type":"page","link":"https:\/\/jeuxbretonscasson.fr\/?page_id=733","title":{"rendered":"Notre actualit\u00e9"},"content":{"rendered":"\n<p><\/p>\n\n\n\n<h1 class=\"wp-block-heading has-text-align-center\">Reportage sur les Jeux Bretons de Casson et le tir \u00e0 la corde a T\u00e9l\u00e9Matin sur France 2 le 4 mars 2024<\/h1>\n\n\n\n<p class=\"has-text-align-center\"><a href=\"https:\/\/m.facebook.com\/story.php?story_fbid=10219472391960446&amp;id=1832741251\">https:\/\/m.facebook.com\/story.php?story_fbid=10219472391960446&amp;id=1832741251<\/a><\/p>\n\n\n<div class=\"wp-block-image\">\n<figure class=\"aligncenter size-full\"><a href=\"https:\/\/m.facebook.com\/story.php?story_fbid=10219472391960446&amp;id=1832741251\"><img loading=\"lazy\" decoding=\"async\" width=\"650\" height=\"412\" src=\"https:\/\/jeuxbretonscasson.fr\/wp-content\/uploads\/2024\/03\/Capture.jpg\" alt=\"\" class=\"wp-image-807\" srcset=\"https:\/\/jeuxbretonscasson.fr\/wp-content\/uploads\/2024\/03\/Capture.jpg 650w, https:\/\/jeuxbretonscasson.fr\/wp-content\/uploads\/2024\/03\/Capture-300x190.jpg 300w\" sizes=\"auto, (max-width: 650px) 100vw, 650px\" \/><\/a><\/figure><\/div>\n\n<div class=\"wp-block-image\">\n<figure class=\"aligncenter size-full\"><img loading=\"lazy\" decoding=\"async\" width=\"800\" height=\"89\" src=\"https:\/\/jeuxbretonscasson.fr\/wp-content\/uploads\/2024\/03\/corde.jpg\" alt=\"\" class=\"wp-image-819\" srcset=\"https:\/\/jeuxbretonscasson.fr\/wp-content\/uploads\/2024\/03\/corde.jpg 800w, https:\/\/jeuxbretonscasson.fr\/wp-content\/uploads\/2024\/03\/corde-300x33.jpg 300w, https:\/\/jeuxbretonscasson.fr\/wp-content\/uploads\/2024\/03\/corde-768x85.jpg 768w\" sizes=\"auto, (max-width: 800px) 100vw, 800px\" \/><\/figure><\/div>\n\n\n<h1 class=\"wp-block-heading has-text-align-center\"><mark style=\"background-color:rgba(0, 0, 0, 0)\" class=\"has-inline-color has-black-color\">13-14 avril 2024 &#8211; D\u00e9placement en Belgique pour un entrainement et un tournoi <\/mark><\/h1>\n\n\n\n<p>Nous nous d\u00e9placerons les 13 et 14 avril prochain en Belgique pour un entrainement avec nos amis belges et participerons \u00e0 un tournoi de tir \u00e0 la corde \u00e0 Merksplas<\/p>\n\n\n\n<figure class=\"wp-block-image size-full\"><img loading=\"lazy\" decoding=\"async\" width=\"960\" height=\"355\" src=\"https:\/\/jeuxbretonscasson.fr\/wp-content\/uploads\/2024\/03\/429872207_899572475503826_4910970423088573600_n.jpg\" alt=\"\" class=\"wp-image-804\" srcset=\"https:\/\/jeuxbretonscasson.fr\/wp-content\/uploads\/2024\/03\/429872207_899572475503826_4910970423088573600_n.jpg 960w, https:\/\/jeuxbretonscasson.fr\/wp-content\/uploads\/2024\/03\/429872207_899572475503826_4910970423088573600_n-300x111.jpg 300w, https:\/\/jeuxbretonscasson.fr\/wp-content\/uploads\/2024\/03\/429872207_899572475503826_4910970423088573600_n-768x284.jpg 768w\" sizes=\"auto, (max-width: 960px) 100vw, 960px\" \/><\/figure>\n\n\n\n<p>    <\/p>\n\n\n\n<p><\/p>\n\n\n<div class=\"wp-block-image\">\n<figure class=\"aligncenter size-full\"><img loading=\"lazy\" decoding=\"async\" width=\"800\" height=\"89\" src=\"https:\/\/jeuxbretonscasson.fr\/wp-content\/uploads\/2024\/03\/corde-1.jpg\" alt=\"\" class=\"wp-image-820\" srcset=\"https:\/\/jeuxbretonscasson.fr\/wp-content\/uploads\/2024\/03\/corde-1.jpg 800w, https:\/\/jeuxbretonscasson.fr\/wp-content\/uploads\/2024\/03\/corde-1-300x33.jpg 300w, https:\/\/jeuxbretonscasson.fr\/wp-content\/uploads\/2024\/03\/corde-1-768x85.jpg 768w\" sizes=\"auto, (max-width: 800px) 100vw, 800px\" \/><\/figure><\/div>\n\n\n<h1 class=\"wp-block-heading has-text-align-center\"><mark style=\"background-color:rgba(0, 0, 0, 0)\" class=\"has-inline-color has-black-color\">07 et 08 Aout 2024 &#8211; Animation tir \u00e0 la corde au parc de la Villette (Paris) pendant les Jeux Olympiques<\/mark><\/h1>\n\n\n<div class=\"wp-block-image\">\n<figure class=\"aligncenter size-full\"><img loading=\"lazy\" decoding=\"async\" width=\"422\" height=\"480\" src=\"https:\/\/jeuxbretonscasson.fr\/wp-content\/uploads\/2024\/03\/422px-Logo_JO_dete_-_Paris_2024.svg_.png\" alt=\"\" class=\"wp-image-930\" srcset=\"https:\/\/jeuxbretonscasson.fr\/wp-content\/uploads\/2024\/03\/422px-Logo_JO_dete_-_Paris_2024.svg_.png 422w, https:\/\/jeuxbretonscasson.fr\/wp-content\/uploads\/2024\/03\/422px-Logo_JO_dete_-_Paris_2024.svg_-264x300.png 264w\" sizes=\"auto, (max-width: 422px) 100vw, 422px\" \/><\/figure><\/div>\n\n\n<figure class=\"wp-block-image size-full\"><img loading=\"lazy\" decoding=\"async\" width=\"800\" height=\"89\" src=\"http:\/\/jeuxbretonscasson.fr\/wp-content\/uploads\/2024\/03\/corde.jpg\" alt=\"\" class=\"wp-image-819\" srcset=\"https:\/\/jeuxbretonscasson.fr\/wp-content\/uploads\/2024\/03\/corde.jpg 800w, https:\/\/jeuxbretonscasson.fr\/wp-content\/uploads\/2024\/03\/corde-300x33.jpg 300w, https:\/\/jeuxbretonscasson.fr\/wp-content\/uploads\/2024\/03\/corde-768x85.jpg 768w\" sizes=\"auto, (max-width: 800px) 100vw, 800px\" \/><\/figure>\n\n\n\n<p>    <\/p>\n\n\n\n<h1 class=\"wp-block-heading has-text-align-center\"><mark style=\"background-color:rgba(0, 0, 0, 0)\" class=\"has-inline-color has-black-color\">05-08 septembre 2024 &#8211; Championnat du monde de tir \u00e0 la corde \u00e0 Mannheim (Allemagne)<\/mark><\/h1>\n\n\n<div class=\"wp-block-image\">\n<figure class=\"aligncenter size-full is-resized\"><img loading=\"lazy\" decoding=\"async\" width=\"332\" height=\"152\" src=\"https:\/\/jeuxbretonscasson.fr\/wp-content\/uploads\/2024\/03\/telechargement.png\" alt=\"\" class=\"wp-image-809\" style=\"width:328px;height:auto\" srcset=\"https:\/\/jeuxbretonscasson.fr\/wp-content\/uploads\/2024\/03\/telechargement.png 332w, https:\/\/jeuxbretonscasson.fr\/wp-content\/uploads\/2024\/03\/telechargement-300x137.png 300w\" sizes=\"auto, (max-width: 332px) 100vw, 332px\" \/><\/figure><\/div>\n\n\n<p><a href=\"https:\/\/tow2024.de\/en\/tug-of-war-world-championship-2024\/\">https:\/\/tow2024.de\/en\/tug-of-war-world-championship-2024\/<\/a><\/p>\n\n\n\n<figure class=\"wp-block-image size-full\"><img loading=\"lazy\" decoding=\"async\" width=\"800\" height=\"89\" src=\"http:\/\/jeuxbretonscasson.fr\/wp-content\/uploads\/2024\/03\/corde-1.jpg\" alt=\"\" class=\"wp-image-820\" srcset=\"https:\/\/jeuxbretonscasson.fr\/wp-content\/uploads\/2024\/03\/corde-1.jpg 800w, https:\/\/jeuxbretonscasson.fr\/wp-content\/uploads\/2024\/03\/corde-1-300x33.jpg 300w, https:\/\/jeuxbretonscasson.fr\/wp-content\/uploads\/2024\/03\/corde-1-768x85.jpg 768w\" sizes=\"auto, (max-width: 800px) 100vw, 800px\" \/><\/figure>\n\n\n\n<p><\/p>\n","protected":false},"excerpt":{"rendered":"<p>Reportage sur les Jeux Bretons de Casson et le tir \u00e0 la corde a T\u00e9l\u00e9Matin sur France 2 le 4&hellip;<\/p>\n","protected":false},"author":1,"featured_media":0,"parent":0,"menu_order":0,"comment_status":"closed","ping_status":"closed","template":"","meta":{"footnotes":""},"class_list":["post-733","page","type-page","status-publish","hentry"],"_links":{"self":[{"href":"https:\/\/jeuxbretonscasson.fr\/index.php?rest_route=\/wp\/v2\/pages\/733","targetHints":{"allow":["GET"]}}],"collection":[{"href":"https:\/\/jeuxbretonscasson.fr\/index.php?rest_route=\/wp\/v2\/pages"}],"about":[{"href":"https:\/\/jeuxbretonscasson.fr\/index.php?rest_route=\/wp\/v2\/types\/page"}],"author":[{"embeddable":true,"href":"https:\/\/jeuxbretonscasson.fr\/index.php?rest_route=\/wp\/v2\/users\/1"}],"replies":[{"embeddable":true,"href":"https:\/\/jeuxbretonscasson.fr\/index.php?rest_route=%2Fwp%2Fv2%2Fcomments&post=733"}],"version-history":[{"count":20,"href":"https:\/\/jeuxbretonscasson.fr\/index.php?rest_route=\/wp\/v2\/pages\/733\/revisions"}],"predecessor-version":[{"id":932,"href":"https:\/\/jeuxbretonscasson.fr\/index.php?rest_route=\/wp\/v2\/pages\/733\/revisions\/932"}],"wp:attachment":[{"href":"https:\/\/jeuxbretonscasson.fr\/index.php?rest_route=%2Fwp%2Fv2%2Fmedia&parent=733"}],"curies":[{"name":"wp","href":"https:\/\/api.w.org\/{rel}","templated":true}]}}